{"id":213,"date":"2017-11-13T11:07:50","date_gmt":"2017-11-13T10:07:50","guid":{"rendered":"http:\/\/wec.vbox15.braintrust.at\/?page_id=213"},"modified":"2025-08-06T23:33:07","modified_gmt":"2025-08-06T21:33:07","slug":"members","status":"publish","type":"page","link":"https:\/\/www.wec-austria.at\/en\/organization\/members\/","title":{"rendered":"Members"},"content":{"rendered":"<h2>Public Sector<\/h2>\n<ul>\n<li><a href=\"https:\/\/www.bmwet.gv.at\/en.html\">Federal Ministry for Economy, Energy &amp; Tourism<\/a><\/li>\n<li><a href=\"https:\/\/www.e-control.at\/\">Energie-Control Austria<\/a><\/li>\n<\/ul>\n<h2>Trade Associations<\/h2>\n<ul>\n<li><a href=\"https:\/\/www.gaswaerme.at\/\">Association of Gas- and District Heating Supply Companies<\/a><\/li>\n<li><a href=\"https:\/\/oesterreichsenergie.at\/home.html\">Oesterreichs Energie<\/a><\/li>\n<li><a href=\"https:\/\/www.ovgw.at\/\">\u00d6sterreichische Vereinigung f\u00fcr das Gas- und Wasserfach (\u00d6VGW)<\/a><\/li>\n<li><a href=\"https:\/\/www.oewav.at\/\">\u00d6sterreichischer Wasser- u. Abfallwirtschaftsverband<\/a><\/li>\n<li><a href=\"https:\/\/www.iv.at\/de\/\">Federation of Austrian Industries (IV)<\/a><\/li>\n<\/ul>\n<h2>Companies<\/h2>\n<ul>\n<li><a href=\"http:\/\/www.poyry.at\/de\">AFRY Austria GmbH<\/a><\/li>\n<li><a href=\"https:\/\/www.andritz.com\/group-en\/andritz-hydro-vienna\">ANDRITZ HYDRO GmbH<\/a><\/li>\n<li><a href=\"https:\/\/anyline.com\/\">Anyline GmbH<\/a><\/li>\n<li><a href=\"https:\/\/www.ait.ac.at\/\">Austrian Institute of Technology<\/a><\/li>\n<li><a href=\"https:\/\/www.apg.at\/\">Austrian Power Grid AG<\/a><\/li>\n<li><a href=\"https:\/\/www.big.at\/\">BIG Bundesimmobiliengesellschaft<\/a><\/li>\n<li><a href=\"https:\/\/www.donau-chemie-group.com\/\">Donauchemie AG<\/a><\/li>\n<li><a href=\"https:\/\/www2.deloitte.com\/at\/de.html\">Deloitte Audit Wirtschaftspr\u00fcfungs GmbH<\/a><\/li>\n<li><a href=\"https:\/\/www.d-fine.com\/\">d-fine Austria GmbH<\/a><\/li>\n<li><a href=\"https:\/\/www.efuel-alliance.eu\/de\/\">eFuel alliance<\/a><\/li>\n<li><a href=\"https:\/\/www.energieag.at\/\">Energie AG Ober\u00f6sterreich<\/a><\/li>\n<li><a href=\"https:\/\/www.energieburgenland.at\/privat.html\">Energie Burgenland AG<\/a><\/li>\n<li><a href=\"https:\/\/www.energie-graz.at\/\">Energie Graz GmbH &amp; Co KG<\/a><\/li>\n<li><a href=\"https:\/\/www.e-steiermark.com\/privat\/\">Energie Steiermark AG<\/a><\/li>\n<li><a href=\"https:\/\/www.energyconsult.biz\/\">EnergyConsult JR GmbH<\/a><\/li>\n<li><a href=\"https:\/\/www.cellcube.com\/de\/\">Enerox GmbH<\/a><\/li>\n<li><a href=\"https:\/\/www.ennskraft.at\/\">Ennskraftwerke AG<\/a><\/li>\n<li><a href=\"https:\/\/www.ey.com\/at\">Ernst &amp; Young Wirtschaftspr\u00fcfungsgesellschaft mbH<\/a><\/li>\n<li><a href=\"https:\/\/www.europa-link.eu\/\">Europa-Link Development GmbH<\/a><\/li>\n<li><a href=\"https:\/\/www.evn.at\/Privatkunden.aspx\">EVN AG<\/a><\/li>\n<li><a href=\"https:\/\/www.eww.at\/privat\/\">eww ag<\/a><\/li>\n<li><a href=\"https:\/\/www.gasconnect.at\/\">Gas Connect Austria<\/a><\/li>\n<li>GKW Grenzkraftwerke GmbH<\/li>\n<li><a href=\"https:\/\/www.huawei.com\/eu\/\">Huawei<\/a><\/li>\n<li><a href=\"https:\/\/www.illwerkevkw.at\/\">illwerke vkw AG<\/a><\/li>\n<li><a href=\"https:\/\/www.infineon.com\/cms\/de\/\">Infineon Technologies Austria AG<\/a><\/li>\n<li><a href=\"https:\/\/www.kelag.at\/privat.html\">KELAG &#8211; K\u00e4rntner Elektrizit\u00e4ts AG<\/a><\/li>\n<li><a href=\"https:\/\/www.linzag.at\/portal\/de\/ueber_die_linzag\">Linz AG<\/a><\/li>\n<li><a href=\"https:\/\/www.nhp.eu\/de?gad_source=1&amp;gclid=Cj0KCQiAi_G5BhDXARIsAN5SX7qkV2QlySdsitfff64X62j7doXLYZsJPOeukW2tL7bsZlb-tHObGZwaAtxzEALw_wcB\">Niederhuber &amp; Partner Rechtsanw\u00e4lte GmbH<\/a><\/li>\n<li><a href=\"https:\/\/nobilegroup.com\/\">nobilegroup &#8211; NIG GmbH<\/a><\/li>\n<li><a href=\"https:\/\/infrastruktur.oebb.at\/\">\u00d6BB-Infrastruktur AG<\/a><\/li>\n<li><a href=\"https:\/\/www.oem-ag.at\/de\/home\/\">OeMAG<\/a><\/li>\n<li><a href=\"https:\/\/www.omv.at\/portal\/01\/at\/private\">OMV Aktiengesellschaft<\/a><\/li>\n<li><a href=\"http:\/\/www.oxford-energy.com\/\">Oxford Energy GmbH<\/a><\/li>\n<li><a href=\"https:\/\/www.pwc.at\/\">PwC \u00d6sterreich\u00a0<\/a><\/li>\n<li><a href=\"https:\/\/www.schoenherr.eu\/de\/\">Sch\u00f6nherr Rechtsanw\u00e4lte<\/a><\/li>\n<li><a href=\"https:\/\/www.siemens.com\/at\/de\/home.html\">Siemens Energy Austria GmbH<\/a><\/li>\n<li><a href=\"https:\/\/www.stw.at\/\">Stadtwerke Klagenfurt AG<\/a><\/li>\n<li><a href=\"https:\/\/www.taggmbh.at\/\">TAG GmbH<\/a><\/li>\n<li><a href=\"https:\/\/www.tiwag.at\/\">TIWAG &#8211; Tiroler Wasserkraft AG<\/a><\/li>\n<li><a href=\"https:\/\/www.verbund.com\/de-at\">VERBUND AG<\/a><\/li>\n<li><a href=\"https:\/\/www.verbund.com\/de-at\/ueber-verbund\/unternehmen\/geschaeftsbereiche\/stromhandel\">VERBUND Energy4Business GmbH<\/a><\/li>\n<li><a href=\"http:\/\/www.verbund.com\/cc\/de\/ueber-uns\/strom-aus-wasserkraft\">VERBUND Hydro Power GmbH<\/a><\/li>\n<li>VERBUND Services GmbH<\/li>\n<li><a href=\"http:\/\/www.voestalpine.com\/group\/de\/\">voestalpine AG<\/a><\/li>\n<li><a href=\"https:\/\/www.wienenergie.at\/eportal3\/\">WIEN ENERGIE GmbH<\/a><\/li>\n<li><a href=\"https:\/\/www.wienernetze.at\/\">Wiener Netze GmbH<\/a><\/li>\n<\/ul>\n<h2>Individuals<\/h2>\n<ul>\n<li>Gmeinbauer J\u00f6rg<\/li>\n<li>Prohaska Helwin<\/li>\n<\/ul>\n<p>&nbsp;<\/p>\n","protected":false},"excerpt":{"rendered":"<p class=\"excerpt\">Public Sector Federal Ministry for Economy, Energy &amp; Tourism Energie-Control Austria Trade Associations Association of Gas- and District Heating Supply Companies Oesterreichs Energie \u00d6sterreichische Vereinigung f\u00fcr das Gas- und Wasserfach (\u00d6VGW) \u00d6sterreichischer Wasser- u. Abfallwirtschaftsverband Federation of Austrian Industries (IV) Companies AFRY Austria GmbH ANDRITZ HYDRO GmbH Anyline GmbH Austrian Institute of Technology Austrian Power [&hellip;]<\/p>\n","protected":false},"author":1,"featured_media":0,"parent":220,"menu_order":0,"comment_status":"closed","ping_status":"closed","template":"","meta":{"footnotes":""},"class_list":["post-213","page","type-page","status-publish","hentry"],"_links":{"self":[{"href":"https:\/\/www.wec-austria.at\/en\/wp-json\/wp\/v2\/pages\/213","targetHints":{"allow":["GET"]}}],"collection":[{"href":"https:\/\/www.wec-austria.at\/en\/wp-json\/wp\/v2\/pages"}],"about":[{"href":"https:\/\/www.wec-austria.at\/en\/wp-json\/wp\/v2\/types\/page"}],"author":[{"embeddable":true,"href":"https:\/\/www.wec-austria.at\/en\/wp-json\/wp\/v2\/users\/1"}],"replies":[{"embeddable":true,"href":"https:\/\/www.wec-austria.at\/en\/wp-json\/wp\/v2\/comments?post=213"}],"version-history":[{"count":71,"href":"https:\/\/www.wec-austria.at\/en\/wp-json\/wp\/v2\/pages\/213\/revisions"}],"predecessor-version":[{"id":11007,"href":"https:\/\/www.wec-austria.at\/en\/wp-json\/wp\/v2\/pages\/213\/revisions\/11007"}],"up":[{"embeddable":true,"href":"https:\/\/www.wec-austria.at\/en\/wp-json\/wp\/v2\/pages\/220"}],"wp:attachment":[{"href":"https:\/\/www.wec-austria.at\/en\/wp-json\/wp\/v2\/media?parent=213"}],"curies":[{"name":"wp","href":"https:\/\/api.w.org\/{rel}","templated":true}]}}